{"id":98,"date":"2017-07-10T10:54:27","date_gmt":"2017-07-10T08:54:27","guid":{"rendered":"http:\/\/residencegratteciel.com\/?page_id=98"},"modified":"2024-01-29T14:15:10","modified_gmt":"2024-01-29T13:15:10","slug":"prestations","status":"publish","type":"page","link":"https:\/\/residencegratteciel.com\/index.php\/prestations\/","title":{"rendered":"Tarifs"},"content":{"rendered":"<p>Les prix des studios vont de 590 \u00e0 650 \u20ac TTC par mois.<\/p>\n<p><a href=\"http:\/\/residencegratteciel.com\/wp-content\/uploads\/2024\/01\/Tarifs-studios-2024.pdf\">Tarifs Studios<\/a><\/p>\n<p>Cela comprend le loyer, les charges communes, l&rsquo;eau froide, l&rsquo;eau chaude, le chauffage.<\/p>\n<p>En option:<\/p>\n<ul>\n<li>acc\u00e8s \u00e0 la laverie automatique ( mat\u00e9riel professionnel ) : \u00a0lavage 3 \u20ac \u00a0s\u00e9chage 2 \u20ac , cycles rapides.<\/li>\n<\/ul>\n<p>Les frais de dossier sont de 400 \u20ac, comprenant la r\u00e9daction du bail et l&rsquo;\u00e9tablissement des \u00e9tats des lieux d&rsquo;entr\u00e9e et de sortie, les envois mensuels des appels et quittance de loyers, et tout autre demande de documents.<\/p>\n<p>Le montant du d\u00e9p\u00f4t de garantie est \u00e9quivalent \u00e0 2 mois de loyer.<\/p>\n<p>Une assurance multirisque habitation est \u00e0 fournir obligatoirement le jour de la signature du bail.<\/p>\n<p>Pour connaitre les disponibilit\u00e9s, veuillez nous contacter.<\/p>\n<p><img loading=\"lazy\" class=\"aligncenter size-medium wp-image-168\" src=\"http:\/\/residencegratteciel.com\/wp-content\/uploads\/2017\/07\/Logo-RGC-moyen-300x160.png\" alt=\"\" width=\"300\" height=\"160\" \/><\/p>\n","protected":false},"excerpt":{"rendered":"<p>Les prix des studios vont de 590 \u00e0 650 \u20ac TTC par mois. Tarifs Studios Cela comprend le loyer, les charges communes, l&rsquo;eau froide, l&rsquo;eau chaude, le chauffage. En option: acc\u00e8s \u00e0 la laverie automatique ( mat\u00e9riel professionnel ) : \u00a0lavage 3 \u20ac \u00a0s\u00e9chage 2 \u20ac , cycles rapides. Les frais de dossier sont de [&hellip;]<\/p>\n","protected":false},"author":1,"featured_media":0,"parent":0,"menu_order":0,"comment_status":"closed","ping_status":"closed","template":"","meta":[],"_links":{"self":[{"href":"https:\/\/residencegratteciel.com\/index.php\/wp-json\/wp\/v2\/pages\/98"}],"collection":[{"href":"https:\/\/residencegratteciel.com\/index.php\/wp-json\/wp\/v2\/pages"}],"about":[{"href":"https:\/\/residencegratteciel.com\/index.php\/wp-json\/wp\/v2\/types\/page"}],"author":[{"embeddable":true,"href":"https:\/\/residencegratteciel.com\/index.php\/wp-json\/wp\/v2\/users\/1"}],"replies":[{"embeddable":true,"href":"https:\/\/residencegratteciel.com\/index.php\/wp-json\/wp\/v2\/comments?post=98"}],"version-history":[{"count":21,"href":"https:\/\/residencegratteciel.com\/index.php\/wp-json\/wp\/v2\/pages\/98\/revisions"}],"predecessor-version":[{"id":301,"href":"https:\/\/residencegratteciel.com\/index.php\/wp-json\/wp\/v2\/pages\/98\/revisions\/301"}],"wp:attachment":[{"href":"https:\/\/residencegratteciel.com\/index.php\/wp-json\/wp\/v2\/media?parent=98"}],"curies":[{"name":"wp","href":"https:\/\/api.w.org\/{rel}","templated":true}]}}