{"id":95,"date":"2017-07-10T10:53:31","date_gmt":"2017-07-10T08:53:31","guid":{"rendered":"http:\/\/residencegratteciel.com\/?page_id=95"},"modified":"2017-08-04T12:00:33","modified_gmt":"2017-08-04T10:00:33","slug":"informations","status":"publish","type":"page","link":"https:\/\/residencegratteciel.com\/index.php\/informations\/","title":{"rendered":"Prestations"},"content":{"rendered":"<p>La R\u00e9sidence Gratte Ciel vous accueillera d\u00e8s le lundi 2 Octobre 2017. Elle r\u00e9pond aux derni\u00e8res normes \u00e9nerg\u00e9tiques\u00a0en vigueur.<\/p>\n<p>Tous les studios\u00a0sont enti\u00e8rement\u00a0meubl\u00e9s ( lits avec rangements et \u00e9tag\u00e8res, placards- penderie am\u00e9nag\u00e9s, tablettes de rangements, bureau, kitchenette \u00e9quip\u00e9e de frigo, plaques vitro-ceramique, four \u00e0 micro ondes, hotte aspirante ) et b\u00e9n\u00e9ficient d&rsquo;une salle de bains avec meuble vasque, douche italienne, wc suspendu.<\/p>\n<p>La fibre optique est disponible dans tous les logements, chaque r\u00e9sident peut choisir librement son fournisseur d&rsquo;acc\u00e8s internet.<\/p>\n<p>Le chauffage et la production d&rsquo;eau chaude sont\u00a0assur\u00e9s par une\u00a0chaudi\u00e8re\u00a0collective situ\u00e9e au sous sol, et qui permet une r\u00e9gulation individuelle dans les logements.<\/p>\n<p>Toutes les fen\u00eatres sont \u00e9quip\u00e9es de volets roulants \u00e9lectriques.<\/p>\n<p>L&rsquo;ascenseur est enti\u00e8rement vitr\u00e9, ce qui permet d&rsquo;\u00e9clairer naturellement les parties communes des \u00e9tages.<\/p>\n<p>Une laverie automatique est disponible pour les r\u00e9sidents, ainsi qu&rsquo;un local \u00e0 v\u00e9los.<\/p>\n<p>Une permanence est assur\u00e9e quotidiennement dans les bureaux d&rsquo;accueil accessibles \u00e0 tous.<\/p>\n<p><img loading=\"lazy\" class=\"aligncenter size-medium wp-image-168\" src=\"http:\/\/residencegratteciel.com\/wp-content\/uploads\/2017\/07\/Logo-RGC-moyen-300x160.png\" alt=\"\" width=\"300\" height=\"160\" \/><\/p>\n<p>&nbsp;<\/p>\n","protected":false},"excerpt":{"rendered":"<p>La R\u00e9sidence Gratte Ciel vous accueillera d\u00e8s le lundi 2 Octobre 2017. Elle r\u00e9pond aux derni\u00e8res normes \u00e9nerg\u00e9tiques\u00a0en vigueur. Tous les studios\u00a0sont enti\u00e8rement\u00a0meubl\u00e9s ( lits avec rangements et \u00e9tag\u00e8res, placards- penderie am\u00e9nag\u00e9s, tablettes de rangements, bureau, kitchenette \u00e9quip\u00e9e de frigo, plaques vitro-ceramique, four \u00e0 micro ondes, hotte aspirante ) et b\u00e9n\u00e9ficient d&rsquo;une salle de bains [&hellip;]<\/p>\n","protected":false},"author":1,"featured_media":0,"parent":0,"menu_order":0,"comment_status":"closed","ping_status":"closed","template":"","meta":[],"_links":{"self":[{"href":"https:\/\/residencegratteciel.com\/index.php\/wp-json\/wp\/v2\/pages\/95"}],"collection":[{"href":"https:\/\/residencegratteciel.com\/index.php\/wp-json\/wp\/v2\/pages"}],"about":[{"href":"https:\/\/residencegratteciel.com\/index.php\/wp-json\/wp\/v2\/types\/page"}],"author":[{"embeddable":true,"href":"https:\/\/residencegratteciel.com\/index.php\/wp-json\/wp\/v2\/users\/1"}],"replies":[{"embeddable":true,"href":"https:\/\/residencegratteciel.com\/index.php\/wp-json\/wp\/v2\/comments?post=95"}],"version-history":[{"count":14,"href":"https:\/\/residencegratteciel.com\/index.php\/wp-json\/wp\/v2\/pages\/95\/revisions"}],"predecessor-version":[{"id":203,"href":"https:\/\/residencegratteciel.com\/index.php\/wp-json\/wp\/v2\/pages\/95\/revisions\/203"}],"wp:attachment":[{"href":"https:\/\/residencegratteciel.com\/index.php\/wp-json\/wp\/v2\/media?parent=95"}],"curies":[{"name":"wp","href":"https:\/\/api.w.org\/{rel}","templated":true}]}}