{"id":103,"date":"2017-07-10T11:10:28","date_gmt":"2017-07-10T09:10:28","guid":{"rendered":"http:\/\/residencegratteciel.com\/?page_id=103"},"modified":"2017-07-12T16:27:45","modified_gmt":"2017-07-12T14:27:45","slug":"localisation","status":"publish","type":"page","link":"https:\/\/residencegratteciel.com\/index.php\/localisation\/","title":{"rendered":"Localisation"},"content":{"rendered":"<p>La R\u00e9sidence Gratte Ciel est situ\u00e9e au coeur de Villeurbanne.<\/p>\n<p>La station de m\u00e9tro Gratte Ciel sur la ligne A est \u00e0 50 metres, le centre ville de Lyon et la place Bellecour sont\u00a0accessibles en moins de 10 minutes.<\/p>\n<p>L&#8217;emplacement central de la r\u00e9sidence permet un acc\u00e8s imm\u00e9diat \u00e0 l&rsquo;ensemble des commodit\u00e9s ( transports, commerces, loisirs )<\/p>\n<p>&nbsp;<\/p>\n<p><iframe loading=\"lazy\" style=\"border: 0;\" src=\"https:\/\/www.google.com\/maps\/embed?pb=!1m18!1m12!1m3!1d2783.1398614847026!2d4.8812332762068955!3d45.76838723418945!2m3!1f0!2f0!3f0!3m2!1i1024!2i768!4f13.1!3m3!1m2!1s0x47f4c02e2f9b2a2d%3A0x11cd25be0c9847c0!2s6+Rue+Paul+Lafargue%2C+69100+Villeurbanne!5e0!3m2!1sfr!2sfr!4v1499680828399\" width=\"800\" height=\"600\" frameborder=\"0\" allowfullscreen=\"allowfullscreen\"><\/iframe><\/p>\n<p>&nbsp;<\/p>\n<p>&nbsp;<\/p>\n<p><img loading=\"lazy\" class=\"aligncenter size-medium wp-image-168\" src=\"http:\/\/residencegratteciel.com\/wp-content\/uploads\/2017\/07\/Logo-RGC-moyen-300x160.png\" alt=\"\" width=\"300\" height=\"160\" \/><\/p>\n","protected":false},"excerpt":{"rendered":"<p>La R\u00e9sidence Gratte Ciel est situ\u00e9e au coeur de Villeurbanne. La station de m\u00e9tro Gratte Ciel sur la ligne A est \u00e0 50 metres, le centre ville de Lyon et la place Bellecour sont\u00a0accessibles en moins de 10 minutes. L&#8217;emplacement central de la r\u00e9sidence permet un acc\u00e8s imm\u00e9diat \u00e0 l&rsquo;ensemble des commodit\u00e9s ( transports, commerces, [&hellip;]<\/p>\n","protected":false},"author":1,"featured_media":0,"parent":0,"menu_order":0,"comment_status":"closed","ping_status":"closed","template":"","meta":[],"_links":{"self":[{"href":"https:\/\/residencegratteciel.com\/index.php\/wp-json\/wp\/v2\/pages\/103"}],"collection":[{"href":"https:\/\/residencegratteciel.com\/index.php\/wp-json\/wp\/v2\/pages"}],"about":[{"href":"https:\/\/residencegratteciel.com\/index.php\/wp-json\/wp\/v2\/types\/page"}],"author":[{"embeddable":true,"href":"https:\/\/residencegratteciel.com\/index.php\/wp-json\/wp\/v2\/users\/1"}],"replies":[{"embeddable":true,"href":"https:\/\/residencegratteciel.com\/index.php\/wp-json\/wp\/v2\/comments?post=103"}],"version-history":[{"count":13,"href":"https:\/\/residencegratteciel.com\/index.php\/wp-json\/wp\/v2\/pages\/103\/revisions"}],"predecessor-version":[{"id":177,"href":"https:\/\/residencegratteciel.com\/index.php\/wp-json\/wp\/v2\/pages\/103\/revisions\/177"}],"wp:attachment":[{"href":"https:\/\/residencegratteciel.com\/index.php\/wp-json\/wp\/v2\/media?parent=103"}],"curies":[{"name":"wp","href":"https:\/\/api.w.org\/{rel}","templated":true}]}}